{"id":1043,"date":"2023-05-26T19:44:24","date_gmt":"2023-05-26T19:44:24","guid":{"rendered":"https:\/\/manolouniformes.com\/wp\/?post_type=product&#038;p=1043"},"modified":"2024-01-26T20:20:36","modified_gmt":"2024-01-26T20:20:36","slug":"primaria-jose-maria-morelos-estacion-2","status":"publish","type":"product","link":"https:\/\/manolouniformes.com\/wp\/producto\/primaria-jose-maria-morelos-estacion-2\/","title":{"rendered":"PRIMARIA JOS\u00c9 MAR\u00cdA MORELOS (ESTACI\u00d3N)"},"content":{"rendered":"<div id='gallery-1' class='gallery galleryid-1043 gallery-columns-3 gallery-size-large'><figure class='gallery-item'>\n\t\t\t<div class='gallery-icon portrait'>\n\t\t\t\t<a href='https:\/\/manolouniformes.com\/wp\/wp-content\/uploads\/2023\/05\/completo-2.webp'><img fetchpriority=\"high\" decoding=\"async\" width=\"525\" height=\"656\" src=\"https:\/\/manolouniformes.com\/wp\/wp-content\/uploads\/2023\/05\/completo-2-819x1024.webp\" class=\"attachment-large size-large\" alt=\"\" aria-describedby=\"gallery-1-1251\" srcset=\"https:\/\/manolouniformes.com\/wp\/wp-content\/uploads\/2023\/05\/completo-2-819x1024.webp 819w, https:\/\/manolouniformes.com\/wp\/wp-content\/uploads\/2023\/05\/completo-2-240x300.webp 240w, https:\/\/manolouniformes.com\/wp\/wp-content\/uploads\/2023\/05\/completo-2-768x960.webp 768w, https:\/\/manolouniformes.com\/wp\/wp-content\/uploads\/2023\/05\/completo-2-350x438.webp 350w, https:\/\/manolouniformes.com\/wp\/wp-content\/uploads\/2023\/05\/completo-2.webp 1080w\" sizes=\"100vw\" \/><\/a>\n\t\t\t<\/div>\n\t\t\t\t<figcaption class='wp-caption-text gallery-caption' id='gallery-1-1251'>\n\t\t\t\tPRIMARIA JOS\u00c9 MAR\u00cdA MORELOS (ESTACI\u00d3N)\n\t\t\t\t<\/figcaption><\/figure><figure class='gallery-item'>\n\t\t\t<div class='gallery-icon portrait'>\n\t\t\t\t<a href='https:\/\/manolouniformes.com\/wp\/wp-content\/uploads\/2023\/05\/Copia-de-Diseno-sin-titulo-2.webp'><img decoding=\"async\" width=\"525\" height=\"700\" src=\"https:\/\/manolouniformes.com\/wp\/wp-content\/uploads\/2023\/05\/Copia-de-Diseno-sin-titulo-2-768x1024.webp\" class=\"attachment-large size-large\" alt=\"\" aria-describedby=\"gallery-1-1252\" srcset=\"https:\/\/manolouniformes.com\/wp\/wp-content\/uploads\/2023\/05\/Copia-de-Diseno-sin-titulo-2-768x1024.webp 768w, https:\/\/manolouniformes.com\/wp\/wp-content\/uploads\/2023\/05\/Copia-de-Diseno-sin-titulo-2-225x300.webp 225w, https:\/\/manolouniformes.com\/wp\/wp-content\/uploads\/2023\/05\/Copia-de-Diseno-sin-titulo-2-350x467.webp 350w, https:\/\/manolouniformes.com\/wp\/wp-content\/uploads\/2023\/05\/Copia-de-Diseno-sin-titulo-2.webp 960w\" sizes=\"100vw\" \/><\/a>\n\t\t\t<\/div>\n\t\t\t\t<figcaption class='wp-caption-text gallery-caption' id='gallery-1-1252'>\n\t\t\t\tPRIMARIA JOS\u00c9 MAR\u00cdA MORELOS (ESTACI\u00d3N)\n\t\t\t\t<\/figcaption><\/figure><figure class='gallery-item'>\n\t\t\t<div class='gallery-icon portrait'>\n\t\t\t\t<a href='https:\/\/manolouniformes.com\/wp\/wp-content\/uploads\/2023\/05\/Diseno-sin-titulo-8.webp'><img decoding=\"async\" width=\"525\" height=\"700\" src=\"https:\/\/manolouniformes.com\/wp\/wp-content\/uploads\/2023\/05\/Diseno-sin-titulo-8-768x1024.webp\" class=\"attachment-large size-large\" alt=\"\" aria-describedby=\"gallery-1-1253\" srcset=\"https:\/\/manolouniformes.com\/wp\/wp-content\/uploads\/2023\/05\/Diseno-sin-titulo-8-768x1024.webp 768w, https:\/\/manolouniformes.com\/wp\/wp-content\/uploads\/2023\/05\/Diseno-sin-titulo-8-225x300.webp 225w, https:\/\/manolouniformes.com\/wp\/wp-content\/uploads\/2023\/05\/Diseno-sin-titulo-8-350x467.webp 350w, https:\/\/manolouniformes.com\/wp\/wp-content\/uploads\/2023\/05\/Diseno-sin-titulo-8.webp 960w\" sizes=\"100vw\" \/><\/a>\n\t\t\t<\/div>\n\t\t\t\t<figcaption class='wp-caption-text gallery-caption' id='gallery-1-1253'>\n\t\t\t\tPRIMARIA JOS\u00c9 MAR\u00cdA MORELOS (ESTACI\u00d3N)\n\t\t\t\t<\/figcaption><\/figure>\n\t\t<\/div>\n\n","protected":false},"excerpt":{"rendered":"","protected":false},"featured_media":1251,"comment_status":"closed","ping_status":"closed","template":"","meta":[],"product_cat":[28,32],"product_tag":[184],"class_list":{"0":"post-1043","1":"product","2":"type-product","3":"status-publish","4":"has-post-thumbnail","6":"product_cat-primaria","7":"product_cat-san-francisco-prim","8":"product_tag-nina-calcetas-blancas","10":"first","11":"instock","12":"shipping-taxable","13":"product-type-simple"},"_links":{"self":[{"href":"https:\/\/manolouniformes.com\/wp\/wp-json\/wp\/v2\/product\/1043","targetHints":{"allow":["GET"]}}],"collection":[{"href":"https:\/\/manolouniformes.com\/wp\/wp-json\/wp\/v2\/product"}],"about":[{"href":"https:\/\/manolouniformes.com\/wp\/wp-json\/wp\/v2\/types\/product"}],"replies":[{"embeddable":true,"href":"https:\/\/manolouniformes.com\/wp\/wp-json\/wp\/v2\/comments?post=1043"}],"wp:featuredmedia":[{"embeddable":true,"href":"https:\/\/manolouniformes.com\/wp\/wp-json\/wp\/v2\/media\/1251"}],"wp:attachment":[{"href":"https:\/\/manolouniformes.com\/wp\/wp-json\/wp\/v2\/media?parent=1043"}],"wp:term":[{"taxonomy":"product_cat","embeddable":true,"href":"https:\/\/manolouniformes.com\/wp\/wp-json\/wp\/v2\/product_cat?post=1043"},{"taxonomy":"product_tag","embeddable":true,"href":"https:\/\/manolouniformes.com\/wp\/wp-json\/wp\/v2\/product_tag?post=1043"}],"curies":[{"name":"wp","href":"https:\/\/api.w.org\/{rel}","templated":true}]}}